{"id":8,"date":"2022-08-18T13:59:12","date_gmt":"2022-08-18T11:59:12","guid":{"rendered":"https:\/\/lebureh.cluster030.hosting.ovh.net\/?page_id=8"},"modified":"2022-10-17T12:30:40","modified_gmt":"2022-10-17T10:30:40","slug":"accueil","status":"publish","type":"page","link":"https:\/\/lebureaumusical.fr\/","title":{"rendered":""},"content":{"rendered":"\n<p>Offrez \u00e0 vos \u00e9quipes un lieu o\u00f9 <strong>d\u00e9velopper leur passion<\/strong> et \u00eatre les protagonistes de <strong>moments exceptionnels<\/strong>.<\/p>\n\n\n\n<p>Nous recherchons ensemble et installons un <strong>espace d\u00e9di\u00e9 \u00e0 la musique dans vos locaux.<\/strong> Cet espace pourra \u00eatre ouvert \u00e0 tous, en libre service, ou sur r\u00e9servation. <\/p>\n\n\n\n<p>Les participants qui le souhaitent b\u00e9n\u00e9ficieront d&rsquo;un <strong>coaching personnalis\u00e9<\/strong> pour atteindre un objectif d\u00e9fini, ou simplement pour les aider \u00e0 lib\u00e9rer leur potentiel. <\/p>\n","protected":false},"excerpt":{"rendered":"<p>Offrez \u00e0 vos \u00e9quipes un lieu o\u00f9 d\u00e9velopper leur passion et \u00eatre les protagonistes de moments exceptionnels. Nous recherchons ensemble et installons un espace d\u00e9di\u00e9 \u00e0 la musique dans vos locaux. Cet espace pourra \u00eatre ouvert \u00e0 tous, en libre service, ou sur r\u00e9servation. Les participants qui le souhaitent b\u00e9n\u00e9ficieront d&rsquo;un coaching personnalis\u00e9 pour atteindre &hellip; <\/p>\n<p class=\"link-more\"><a href=\"https:\/\/lebureaumusical.fr\/\" class=\"more-link\">Continuer la lecture<span class=\"screen-reader-text\"> de &laquo;&nbsp;&nbsp;&raquo;<\/span><\/a><\/p>\n","protected":false},"author":2,"featured_media":44,"parent":0,"menu_order":0,"comment_status":"closed","ping_status":"closed","template":"","meta":{"footnotes":""},"class_list":["post-8","page","type-page","status-publish","has-post-thumbnail","hentry"],"_links":{"self":[{"href":"https:\/\/lebureaumusical.fr\/index.php\/wp-json\/wp\/v2\/pages\/8","targetHints":{"allow":["GET"]}}],"collection":[{"href":"https:\/\/lebureaumusical.fr\/index.php\/wp-json\/wp\/v2\/pages"}],"about":[{"href":"https:\/\/lebureaumusical.fr\/index.php\/wp-json\/wp\/v2\/types\/page"}],"author":[{"embeddable":true,"href":"https:\/\/lebureaumusical.fr\/index.php\/wp-json\/wp\/v2\/users\/2"}],"replies":[{"embeddable":true,"href":"https:\/\/lebureaumusical.fr\/index.php\/wp-json\/wp\/v2\/comments?post=8"}],"version-history":[{"count":8,"href":"https:\/\/lebureaumusical.fr\/index.php\/wp-json\/wp\/v2\/pages\/8\/revisions"}],"predecessor-version":[{"id":102,"href":"https:\/\/lebureaumusical.fr\/index.php\/wp-json\/wp\/v2\/pages\/8\/revisions\/102"}],"wp:featuredmedia":[{"embeddable":true,"href":"https:\/\/lebureaumusical.fr\/index.php\/wp-json\/wp\/v2\/media\/44"}],"wp:attachment":[{"href":"https:\/\/lebureaumusical.fr\/index.php\/wp-json\/wp\/v2\/media?parent=8"}],"curies":[{"name":"wp","href":"https:\/\/api.w.org\/{rel}","templated":true}]}}